{"id":50401,"date":"2026-01-13T18:03:46","date_gmt":"2026-01-13T17:03:46","guid":{"rendered":"https:\/\/www.geb.fr\/?post_type=product&#038;p=50401"},"modified":"2026-02-04T11:07:26","modified_gmt":"2026-02-04T10:07:26","slug":"nowy-g110-inhibitor-uniwersalny","status":"publish","type":"product","link":"https:\/\/www.geb.fr\/pl\/hvac\/nowy-g110-inhibitor-uniwersalny\/","title":{"rendered":"NOWY! G110 INHIBITOR UNIWERSALNY"},"content":{"rendered":"","protected":false},"excerpt":{"rendered":"","protected":false},"featured_media":50402,"template":"","meta":{"_acf_changed":false,"inline_featured_image":false},"product_brand":[],"product_cat":[752,753,754],"product_tag":[933],"class_list":{"0":"post-50401","1":"product","2":"type-product","3":"status-publish","4":"has-post-thumbnail","6":"product_cat-hvac","7":"product_cat-konserwacja-instalacji-grzewczych-i-klimatyzacji","8":"product_cat-instalacje-grzewcze","9":"product_tag-instalacje-grzewcze","10":"pa_kolor-pomaranczowy","11":"pa_pakowanie-1-l","13":"first","14":"instock","15":"shipping-taxable","16":"purchasable","17":"product-type-variable","18":"has-default-attributes"},"acf":[],"yoast_head":"<!-- This site is optimized with the Yoast SEO plugin v27.2 - https:\/\/yoast.com\/product\/yoast-seo-wordpress\/ -->\n<title>NOWY! G110 INHIBITOR UNIWERSALNY - GEB<\/title>\n<meta name=\"description\" content=\"Chroni instalacje nowe i istniej\u0105ce przed korozj\u0105, szlamem i kamieniem kot\u0142owym.\" \/>\n<meta name=\"robots\" content=\"index, follow, max-snippet:-1, max-image-preview:large, max-video-preview:-1\" \/>\n<link rel=\"canonical\" href=\"https:\/\/www.geb.fr\/pl\/hvac\/nowy-g110-inhibitor-uniwersalny\/\" \/>\n<meta property=\"og:locale\" content=\"pl_PL\" \/>\n<meta property=\"og:type\" content=\"article\" \/>\n<meta property=\"og:title\" content=\"NOWY! G110 INHIBITOR UNIWERSALNY - GEB\" \/>\n<meta property=\"og:description\" content=\"Chroni instalacje nowe i istniej\u0105ce przed korozj\u0105, szlamem i kamieniem kot\u0142owym.\" \/>\n<meta property=\"og:url\" content=\"https:\/\/www.geb.fr\/pl\/hvac\/nowy-g110-inhibitor-uniwersalny\/\" \/>\n<meta property=\"og:site_name\" content=\"GEB\" \/>\n<meta property=\"article:modified_time\" content=\"2026-02-04T10:07:26+00:00\" \/>\n<meta property=\"og:image\" content=\"https:\/\/www.geb.fr\/wp-content\/uploads\/2026\/01\/872850-vpac-g110-inhibiteur-universel-1l-pl-ua-lt-lv-ee-c-bd-01-2505.png\" \/>\n\t<meta property=\"og:image:width\" content=\"635\" \/>\n\t<meta property=\"og:image:height\" content=\"800\" \/>\n\t<meta property=\"og:image:type\" content=\"image\/png\" \/>\n<meta name=\"twitter:card\" content=\"summary_large_image\" \/>\n<meta name=\"twitter:label1\" content=\"Szacowany czas czytania\" \/>\n\t<meta name=\"twitter:data1\" content=\"1 minuta\" \/>\n<script type=\"application\/ld+json\" class=\"yoast-schema-graph\">{\"@context\":\"https:\/\/schema.org\",\"@graph\":[{\"@type\":\"WebPage\",\"@id\":\"https:\/\/www.geb.fr\/pl\/hvac\/nowy-g110-inhibitor-uniwersalny\/\",\"url\":\"https:\/\/www.geb.fr\/pl\/hvac\/nowy-g110-inhibitor-uniwersalny\/\",\"name\":\"NOWY! G110 INHIBITOR UNIWERSALNY - GEB\",\"isPartOf\":{\"@id\":\"https:\/\/www.geb.fr\/pl\/#website\"},\"primaryImageOfPage\":{\"@id\":\"https:\/\/www.geb.fr\/pl\/hvac\/nowy-g110-inhibitor-uniwersalny\/#primaryimage\"},\"image\":{\"@id\":\"https:\/\/www.geb.fr\/pl\/hvac\/nowy-g110-inhibitor-uniwersalny\/#primaryimage\"},\"thumbnailUrl\":\"https:\/\/www.geb.fr\/wp-content\/uploads\/2026\/01\/872850-vpac-g110-inhibiteur-universel-1l-pl-ua-lt-lv-ee-c-bd-01-2505.png\",\"datePublished\":\"2026-01-13T17:03:46+00:00\",\"dateModified\":\"2026-02-04T10:07:26+00:00\",\"description\":\"Chroni instalacje nowe i istniej\u0105ce przed korozj\u0105, szlamem i kamieniem kot\u0142owym.\",\"breadcrumb\":{\"@id\":\"https:\/\/www.geb.fr\/pl\/hvac\/nowy-g110-inhibitor-uniwersalny\/#breadcrumb\"},\"inLanguage\":\"pl-PL\",\"potentialAction\":[{\"@type\":\"ReadAction\",\"target\":[\"https:\/\/www.geb.fr\/pl\/hvac\/nowy-g110-inhibitor-uniwersalny\/\"]}]},{\"@type\":\"ImageObject\",\"inLanguage\":\"pl-PL\",\"@id\":\"https:\/\/www.geb.fr\/pl\/hvac\/nowy-g110-inhibitor-uniwersalny\/#primaryimage\",\"url\":\"https:\/\/www.geb.fr\/wp-content\/uploads\/2026\/01\/872850-vpac-g110-inhibiteur-universel-1l-pl-ua-lt-lv-ee-c-bd-01-2505.png\",\"contentUrl\":\"https:\/\/www.geb.fr\/wp-content\/uploads\/2026\/01\/872850-vpac-g110-inhibiteur-universel-1l-pl-ua-lt-lv-ee-c-bd-01-2505.png\",\"width\":635,\"height\":800},{\"@type\":\"BreadcrumbList\",\"@id\":\"https:\/\/www.geb.fr\/pl\/hvac\/nowy-g110-inhibitor-uniwersalny\/#breadcrumb\",\"itemListElement\":[{\"@type\":\"ListItem\",\"position\":1,\"name\":\"Strona g\u0142\u00f3wna\",\"item\":\"https:\/\/www.geb.fr\/pl\/\"},{\"@type\":\"ListItem\",\"position\":2,\"name\":\"Sklep\",\"item\":\"https:\/\/www.geb.fr\/pl\/?page_id=1283\"},{\"@type\":\"ListItem\",\"position\":3,\"name\":\"NOWY! G110 INHIBITOR UNIWERSALNY\"}]},{\"@type\":\"WebSite\",\"@id\":\"https:\/\/www.geb.fr\/pl\/#website\",\"url\":\"https:\/\/www.geb.fr\/pl\/\",\"name\":\"GEB\",\"description\":\"Un site utilisant WordPress\",\"publisher\":{\"@id\":\"https:\/\/www.geb.fr\/pl\/#organization\"},\"potentialAction\":[{\"@type\":\"SearchAction\",\"target\":{\"@type\":\"EntryPoint\",\"urlTemplate\":\"https:\/\/www.geb.fr\/pl\/?s={search_term_string}\"},\"query-input\":{\"@type\":\"PropertyValueSpecification\",\"valueRequired\":true,\"valueName\":\"search_term_string\"}}],\"inLanguage\":\"pl-PL\"},{\"@type\":\"Organization\",\"@id\":\"https:\/\/www.geb.fr\/pl\/#organization\",\"name\":\"GEB\",\"url\":\"https:\/\/www.geb.fr\/pl\/\",\"logo\":{\"@type\":\"ImageObject\",\"inLanguage\":\"pl-PL\",\"@id\":\"https:\/\/www.geb.fr\/pl\/#\/schema\/logo\/image\/\",\"url\":\"https:\/\/www.geb.fr\/wp-content\/uploads\/2025\/07\/geb-logo.svg\",\"contentUrl\":\"https:\/\/www.geb.fr\/wp-content\/uploads\/2025\/07\/geb-logo.svg\",\"caption\":\"GEB\"},\"image\":{\"@id\":\"https:\/\/www.geb.fr\/pl\/#\/schema\/logo\/image\/\"}}]}<\/script>\n<!-- \/ Yoast SEO plugin. -->","yoast_head_json":{"title":"NOWY! G110 INHIBITOR UNIWERSALNY - GEB","description":"Chroni instalacje nowe i istniej\u0105ce przed korozj\u0105, szlamem i kamieniem kot\u0142owym.","robots":{"index":"index","follow":"follow","max-snippet":"max-snippet:-1","max-image-preview":"max-image-preview:large","max-video-preview":"max-video-preview:-1"},"canonical":"https:\/\/www.geb.fr\/pl\/hvac\/nowy-g110-inhibitor-uniwersalny\/","og_locale":"pl_PL","og_type":"article","og_title":"NOWY! G110 INHIBITOR UNIWERSALNY - GEB","og_description":"Chroni instalacje nowe i istniej\u0105ce przed korozj\u0105, szlamem i kamieniem kot\u0142owym.","og_url":"https:\/\/www.geb.fr\/pl\/hvac\/nowy-g110-inhibitor-uniwersalny\/","og_site_name":"GEB","article_modified_time":"2026-02-04T10:07:26+00:00","og_image":[{"width":635,"height":800,"url":"https:\/\/www.geb.fr\/wp-content\/uploads\/2026\/01\/872850-vpac-g110-inhibiteur-universel-1l-pl-ua-lt-lv-ee-c-bd-01-2505.png","type":"image\/png"}],"twitter_card":"summary_large_image","twitter_misc":{"Szacowany czas czytania":"1 minuta"},"schema":{"@context":"https:\/\/schema.org","@graph":[{"@type":"WebPage","@id":"https:\/\/www.geb.fr\/pl\/hvac\/nowy-g110-inhibitor-uniwersalny\/","url":"https:\/\/www.geb.fr\/pl\/hvac\/nowy-g110-inhibitor-uniwersalny\/","name":"NOWY! G110 INHIBITOR UNIWERSALNY - GEB","isPartOf":{"@id":"https:\/\/www.geb.fr\/pl\/#website"},"primaryImageOfPage":{"@id":"https:\/\/www.geb.fr\/pl\/hvac\/nowy-g110-inhibitor-uniwersalny\/#primaryimage"},"image":{"@id":"https:\/\/www.geb.fr\/pl\/hvac\/nowy-g110-inhibitor-uniwersalny\/#primaryimage"},"thumbnailUrl":"https:\/\/www.geb.fr\/wp-content\/uploads\/2026\/01\/872850-vpac-g110-inhibiteur-universel-1l-pl-ua-lt-lv-ee-c-bd-01-2505.png","datePublished":"2026-01-13T17:03:46+00:00","dateModified":"2026-02-04T10:07:26+00:00","description":"Chroni instalacje nowe i istniej\u0105ce przed korozj\u0105, szlamem i kamieniem kot\u0142owym.","breadcrumb":{"@id":"https:\/\/www.geb.fr\/pl\/hvac\/nowy-g110-inhibitor-uniwersalny\/#breadcrumb"},"inLanguage":"pl-PL","potentialAction":[{"@type":"ReadAction","target":["https:\/\/www.geb.fr\/pl\/hvac\/nowy-g110-inhibitor-uniwersalny\/"]}]},{"@type":"ImageObject","inLanguage":"pl-PL","@id":"https:\/\/www.geb.fr\/pl\/hvac\/nowy-g110-inhibitor-uniwersalny\/#primaryimage","url":"https:\/\/www.geb.fr\/wp-content\/uploads\/2026\/01\/872850-vpac-g110-inhibiteur-universel-1l-pl-ua-lt-lv-ee-c-bd-01-2505.png","contentUrl":"https:\/\/www.geb.fr\/wp-content\/uploads\/2026\/01\/872850-vpac-g110-inhibiteur-universel-1l-pl-ua-lt-lv-ee-c-bd-01-2505.png","width":635,"height":800},{"@type":"BreadcrumbList","@id":"https:\/\/www.geb.fr\/pl\/hvac\/nowy-g110-inhibitor-uniwersalny\/#breadcrumb","itemListElement":[{"@type":"ListItem","position":1,"name":"Strona g\u0142\u00f3wna","item":"https:\/\/www.geb.fr\/pl\/"},{"@type":"ListItem","position":2,"name":"Sklep","item":"https:\/\/www.geb.fr\/pl\/?page_id=1283"},{"@type":"ListItem","position":3,"name":"NOWY! G110 INHIBITOR UNIWERSALNY"}]},{"@type":"WebSite","@id":"https:\/\/www.geb.fr\/pl\/#website","url":"https:\/\/www.geb.fr\/pl\/","name":"GEB","description":"Un site utilisant WordPress","publisher":{"@id":"https:\/\/www.geb.fr\/pl\/#organization"},"potentialAction":[{"@type":"SearchAction","target":{"@type":"EntryPoint","urlTemplate":"https:\/\/www.geb.fr\/pl\/?s={search_term_string}"},"query-input":{"@type":"PropertyValueSpecification","valueRequired":true,"valueName":"search_term_string"}}],"inLanguage":"pl-PL"},{"@type":"Organization","@id":"https:\/\/www.geb.fr\/pl\/#organization","name":"GEB","url":"https:\/\/www.geb.fr\/pl\/","logo":{"@type":"ImageObject","inLanguage":"pl-PL","@id":"https:\/\/www.geb.fr\/pl\/#\/schema\/logo\/image\/","url":"https:\/\/www.geb.fr\/wp-content\/uploads\/2025\/07\/geb-logo.svg","contentUrl":"https:\/\/www.geb.fr\/wp-content\/uploads\/2025\/07\/geb-logo.svg","caption":"GEB"},"image":{"@id":"https:\/\/www.geb.fr\/pl\/#\/schema\/logo\/image\/"}}]}},"_links":{"self":[{"href":"https:\/\/www.geb.fr\/pl\/wp-json\/wp\/v2\/product\/50401","targetHints":{"allow":["GET"]}}],"collection":[{"href":"https:\/\/www.geb.fr\/pl\/wp-json\/wp\/v2\/product"}],"about":[{"href":"https:\/\/www.geb.fr\/pl\/wp-json\/wp\/v2\/types\/product"}],"version-history":[{"count":5,"href":"https:\/\/www.geb.fr\/pl\/wp-json\/wp\/v2\/product\/50401\/revisions"}],"predecessor-version":[{"id":51229,"href":"https:\/\/www.geb.fr\/pl\/wp-json\/wp\/v2\/product\/50401\/revisions\/51229"}],"wp:featuredmedia":[{"embeddable":true,"href":"https:\/\/www.geb.fr\/pl\/wp-json\/wp\/v2\/media\/50402"}],"wp:attachment":[{"href":"https:\/\/www.geb.fr\/pl\/wp-json\/wp\/v2\/media?parent=50401"}],"wp:term":[{"taxonomy":"product_brand","embeddable":true,"href":"https:\/\/www.geb.fr\/pl\/wp-json\/wp\/v2\/product_brand?post=50401"},{"taxonomy":"product_cat","embeddable":true,"href":"https:\/\/www.geb.fr\/pl\/wp-json\/wp\/v2\/product_cat?post=50401"},{"taxonomy":"product_tag","embeddable":true,"href":"https:\/\/www.geb.fr\/pl\/wp-json\/wp\/v2\/product_tag?post=50401"}],"curies":[{"name":"wp","href":"https:\/\/api.w.org\/{rel}","templated":true}]}}