{"id":48780,"date":"2025-07-28T16:16:34","date_gmt":"2025-07-28T14:16:34","guid":{"rendered":"https:\/\/www.geb.fr\/notre-marque\/"},"modified":"2026-01-03T10:23:25","modified_gmt":"2026-01-03T09:23:25","slug":"ons-merk","status":"publish","type":"page","link":"https:\/\/www.geb.fr\/nl\/ons-merk\/","title":{"rendered":"Ons merk"},"content":{"rendered":"\t\t<div data-elementor-type=\"wp-page\" data-elementor-id=\"48780\" class=\"elementor elementor-48780 elementor-16332\" data-elementor-post-type=\"page\">\n\t\t\t\t<div class=\"elementor-element elementor-element-7d4450e archive_breadcrumbs e-flex e-con-boxed e-con e-parent\" data-id=\"7d4450e\" data-element_type=\"container\" data-e-type=\"container\">\n\t\t\t\t\t<div class=\"e-con-inner\">\n\t\t\t\t<div class=\"elementor-element elementor-element-e8182e7 elementor-widget elementor-widget-breadcrumbs\" data-id=\"e8182e7\" data-element_type=\"widget\" data-e-type=\"widget\" data-widget_type=\"breadcrumbs.default\">\n\t\t\t\t\t<p id=\"breadcrumbs\"><span><span><a href=\"https:\/\/www.geb.fr\/nl\/\">Home<\/a><\/span><\/span><\/p>\t\t\t\t<\/div>\n\t\t\t\t\t<\/div>\n\t\t\t\t<\/div>\n\t\t<div class=\"elementor-element elementor-element-3db5c47 ban_inte e-flex e-con-boxed e-con e-parent\" data-id=\"3db5c47\" data-element_type=\"container\" data-e-type=\"container\" data-settings=\"{&quot;background_background&quot;:&quot;classic&quot;}\">\n\t\t\t\t\t<div class=\"e-con-inner\">\n\t\t<div class=\"elementor-element elementor-element-019185a e-con-full ban_titre e-flex e-con e-child\" data-id=\"019185a\" data-element_type=\"container\" data-e-type=\"container\">\n\t\t\t\t<div class=\"elementor-element elementor-element-343dde1 elementor-widget elementor-widget-heading\" data-id=\"343dde1\" data-element_type=\"widget\" data-e-type=\"widget\" data-widget_type=\"heading.default\">\n\t\t\t\t\t<h1 class=\"elementor-heading-title elementor-size-default\">Ons merk<\/h1>\t\t\t\t<\/div>\n\t\t\t\t<\/div>\n\t\t\t\t\t<\/div>\n\t\t\t\t<\/div>\n\t\t<div class=\"elementor-element elementor-element-ae929dc bg_form_droite e-grid e-con-boxed e-con e-parent\" data-id=\"ae929dc\" data-element_type=\"container\" data-e-type=\"container\">\n\t\t\t\t\t<div class=\"e-con-inner\">\n\t\t<div class=\"elementor-element elementor-element-8a071da e-con-full bg_bloc_1 e-flex e-con e-child\" data-id=\"8a071da\" data-element_type=\"container\" data-e-type=\"container\">\n\t\t\t\t<div class=\"elementor-element elementor-element-d987214 elementor-widget elementor-widget-image\" data-id=\"d987214\" data-element_type=\"widget\" data-e-type=\"widget\" data-widget_type=\"image.default\">\n\t\t\t\t\t\t\t\t\t\t\t\t\t\t\t<img fetchpriority=\"high\" decoding=\"async\" width=\"696\" height=\"457\" src=\"https:\/\/www.geb.fr\/wp-content\/uploads\/2025\/11\/mastic-lange.jpg\" class=\"attachment-full size-full wp-image-48612\" alt=\"\" srcset=\"https:\/\/www.geb.fr\/wp-content\/uploads\/2025\/11\/mastic-lange.jpg 696w, https:\/\/www.geb.fr\/wp-content\/uploads\/2025\/11\/mastic-lange-600x394.jpg 600w, https:\/\/www.geb.fr\/wp-content\/uploads\/2025\/11\/mastic-lange-64x42.jpg 64w\" sizes=\"(max-width: 696px) 100vw, 696px\" \/>\t\t\t\t\t\t\t\t\t\t\t\t\t\t\t<\/div>\n\t\t\t\t<div class=\"elementor-element elementor-element-aeb2d9f titre_4 elementor-widget elementor-widget-heading\" data-id=\"aeb2d9f\" data-element_type=\"widget\" data-e-type=\"widget\" data-widget_type=\"heading.default\">\n\t\t\t\t\t<h3 class=\"elementor-heading-title elementor-size-default\"><span>Het begin<\/span><\/h3>\t\t\t\t<\/div>\n\t\t\t\t<div class=\"elementor-element elementor-element-eec6273 link_color1 elementor-widget elementor-widget-text-editor\" data-id=\"eec6273\" data-element_type=\"widget\" data-e-type=\"widget\" data-widget_type=\"text-editor.default\">\n\t\t\t\t\t\t\t\t\t<p>In 1860 richt Gaston Eug\u00e8ne Barth\u00e9l\u00e9my GEB op en geeft het bedrijf zijn initialen als naam.<\/p><p>In 1906 registreert GEB zijn eerste handelsmerk voor het product MASTIC LANGE, een afdichtingskit voor stoommachines.<\/p><p>Vanaf dat moment verschijnt het zwart-witte logo van het product MASTIC LANGE in de catalogi van GEB.<\/p>\t\t\t\t\t\t\t\t<\/div>\n\t\t\t\t<\/div>\n\t\t<div class=\"elementor-element elementor-element-e07af6a e-con-full bg_bloc_1 e-flex e-con e-child\" data-id=\"e07af6a\" data-element_type=\"container\" data-e-type=\"container\">\n\t\t<div class=\"elementor-element elementor-element-1de5084 e-con-full e-flex e-con e-child\" data-id=\"1de5084\" data-element_type=\"container\" data-e-type=\"container\">\n\t\t\t\t<div class=\"elementor-element elementor-element-210a8bb elementor-widget elementor-widget-image\" data-id=\"210a8bb\" data-element_type=\"widget\" data-e-type=\"widget\" data-widget_type=\"image.default\">\n\t\t\t\t\t\t\t\t\t\t\t\t\t\t\t<img decoding=\"async\" width=\"727\" height=\"453\" src=\"https:\/\/www.geb.fr\/wp-content\/uploads\/2025\/11\/geb-1950.jpg\" class=\"attachment-full size-full wp-image-48609\" alt=\"\" srcset=\"https:\/\/www.geb.fr\/wp-content\/uploads\/2025\/11\/geb-1950.jpg 727w, https:\/\/www.geb.fr\/wp-content\/uploads\/2025\/11\/geb-1950-600x374.jpg 600w, https:\/\/www.geb.fr\/wp-content\/uploads\/2025\/11\/geb-1950-64x40.jpg 64w\" sizes=\"(max-width: 727px) 100vw, 727px\" \/>\t\t\t\t\t\t\t\t\t\t\t\t\t\t\t<\/div>\n\t\t\t\t<div class=\"elementor-element elementor-element-e2aa49b titre_4 elementor-widget elementor-widget-heading\" data-id=\"e2aa49b\" data-element_type=\"widget\" data-e-type=\"widget\" data-widget_type=\"heading.default\">\n\t\t\t\t\t<h3 class=\"elementor-heading-title elementor-size-default\"><span>Vanaf de jaren 50<\/span><\/h3>\t\t\t\t<\/div>\n\t\t\t\t<div class=\"elementor-element elementor-element-d4968e2 link_color1 elementor-widget elementor-widget-text-editor\" data-id=\"d4968e2\" data-element_type=\"widget\" data-e-type=\"widget\" data-widget_type=\"text-editor.default\">\n\t\t\t\t\t\t\t\t\t<ul><li>De klant centraal stellen, met name wat betreft deadlines en de betrouwbaarheid van producten en diensten.<\/li><li>De productieprocessen en de industri\u00eble cultuur voortdurend verbeteren,<\/li><li>Een human resources-cultuur ontwikkelen die communicatie, motivatie en betrokkenheid van het personeel, competentiebeheer en -ontwikkeling omvat,<\/li><li>De behoeften van de eindgebruiker begrijpen en hierop inspelen door het aanbod aan te passen en nieuwe producten op de markt te brengen.<\/li><\/ul>\t\t\t\t\t\t\t\t<\/div>\n\t\t\t\t<\/div>\n\t\t\t\t<\/div>\n\t\t<div class=\"elementor-element elementor-element-3464c0e e-con-full bg_bloc_1 e-flex e-con e-child\" data-id=\"3464c0e\" data-element_type=\"container\" data-e-type=\"container\">\n\t\t\t\t<div class=\"elementor-element elementor-element-6d26896 elementor-widget elementor-widget-image\" data-id=\"6d26896\" data-element_type=\"widget\" data-e-type=\"widget\" data-widget_type=\"image.default\">\n\t\t\t\t\t\t\t\t\t\t\t\t\t\t\t<img decoding=\"async\" width=\"614\" height=\"316\" src=\"https:\/\/www.geb.fr\/wp-content\/uploads\/2025\/11\/geb-1981.jpg\" class=\"attachment-full size-full wp-image-48606\" alt=\"\" srcset=\"https:\/\/www.geb.fr\/wp-content\/uploads\/2025\/11\/geb-1981.jpg 614w, https:\/\/www.geb.fr\/wp-content\/uploads\/2025\/11\/geb-1981-600x309.jpg 600w, https:\/\/www.geb.fr\/wp-content\/uploads\/2025\/11\/geb-1981-64x33.jpg 64w\" sizes=\"(max-width: 614px) 100vw, 614px\" \/>\t\t\t\t\t\t\t\t\t\t\t\t\t\t\t<\/div>\n\t\t\t\t<div class=\"elementor-element elementor-element-1f0c268 titre_4 elementor-widget elementor-widget-heading\" data-id=\"1f0c268\" data-element_type=\"widget\" data-e-type=\"widget\" data-widget_type=\"heading.default\">\n\t\t\t\t\t<h3 class=\"elementor-heading-title elementor-size-default\"><span>Vanaf de jaren 80<\/span><\/h3>\t\t\t\t<\/div>\n\t\t\t\t<div class=\"elementor-element elementor-element-6d5d2e3 link_color1 elementor-widget elementor-widget-text-editor\" data-id=\"6d5d2e3\" data-element_type=\"widget\" data-e-type=\"widget\" data-widget_type=\"text-editor.default\">\n\t\t\t\t\t\t\t\t\t<p>In 1981 werd het GEB-logo ge\u00efntroduceerd, dat te vinden is op producten voor loodgieters en verwarmingsinstallateurs.<\/p>\t\t\t\t\t\t\t\t<\/div>\n\t\t\t\t<\/div>\n\t\t<div class=\"elementor-element elementor-element-5f9fad0 e-con-full bg_bloc_1 e-flex e-con e-child\" data-id=\"5f9fad0\" data-element_type=\"container\" data-e-type=\"container\">\n\t\t<div class=\"elementor-element elementor-element-6dd7438 e-con-full e-flex e-con e-child\" data-id=\"6dd7438\" data-element_type=\"container\" data-e-type=\"container\">\n\t\t\t\t<div class=\"elementor-element elementor-element-762cfa8 elementor-widget elementor-widget-image\" data-id=\"762cfa8\" data-element_type=\"widget\" data-e-type=\"widget\" data-widget_type=\"image.default\">\n\t\t\t\t\t\t\t\t\t\t\t\t\t\t\t<img loading=\"lazy\" decoding=\"async\" width=\"837\" height=\"593\" src=\"https:\/\/www.geb.fr\/wp-content\/uploads\/2026\/01\/logo-geb-gp-1.jpg\" class=\"attachment-full size-full wp-image-49936\" alt=\"\" srcset=\"https:\/\/www.geb.fr\/wp-content\/uploads\/2026\/01\/logo-geb-gp-1.jpg 837w, https:\/\/www.geb.fr\/wp-content\/uploads\/2026\/01\/logo-geb-gp-1-600x425.jpg 600w, https:\/\/www.geb.fr\/wp-content\/uploads\/2026\/01\/logo-geb-gp-1-64x45.jpg 64w\" sizes=\"(max-width: 837px) 100vw, 837px\" \/>\t\t\t\t\t\t\t\t\t\t\t\t\t\t\t<\/div>\n\t\t\t\t<div class=\"elementor-element elementor-element-6e1f58e titre_4 elementor-widget elementor-widget-heading\" data-id=\"6e1f58e\" data-element_type=\"widget\" data-e-type=\"widget\" data-widget_type=\"heading.default\">\n\t\t\t\t\t<h3 class=\"elementor-heading-title elementor-size-default\"><span>Vanaf de jaren 2000<\/span><\/h3>\t\t\t\t<\/div>\n\t\t\t\t<div class=\"elementor-element elementor-element-17743c1 link_color1 elementor-widget elementor-widget-text-editor\" data-id=\"17743c1\" data-element_type=\"widget\" data-e-type=\"widget\" data-widget_type=\"text-editor.default\">\n\t\t\t\t\t\t\t\t\t<p>In 2000 wordt het GEB-logo korter en krijgt het de vorm van een glimlach op producten voor doe-het-zelvers.<\/p>\t\t\t\t\t\t\t\t<\/div>\n\t\t\t\t<\/div>\n\t\t\t\t<\/div>\n\t\t\t\t\t<\/div>\n\t\t\t\t<\/div>\n\t\t<div class=\"elementor-element elementor-element-0fd1e77 e-flex e-con-boxed e-con e-parent\" data-id=\"0fd1e77\" data-element_type=\"container\" data-e-type=\"container\" data-settings=\"{&quot;background_background&quot;:&quot;classic&quot;}\">\n\t\t\t\t\t<div class=\"e-con-inner\">\n\t\t\t\t<div class=\"elementor-element elementor-element-8527570 titre_2 elementor-widget elementor-widget-heading\" data-id=\"8527570\" data-element_type=\"widget\" data-e-type=\"widget\" data-widget_type=\"heading.default\">\n\t\t\t\t\t<h2 class=\"elementor-heading-title elementor-size-default\">En 2024 GEB se r\u00e9invente<\/h2>\t\t\t\t<\/div>\n\t\t\t\t<div class=\"elementor-element elementor-element-cdb0b79 elementor-widget elementor-widget-video\" data-id=\"cdb0b79\" data-element_type=\"widget\" data-e-type=\"widget\" data-settings=\"{&quot;youtube_url&quot;:&quot;https:\\\/\\\/www.youtube.com\\\/watch?v=RN-QDaLZ9HI&quot;,&quot;video_type&quot;:&quot;youtube&quot;,&quot;controls&quot;:&quot;yes&quot;}\" data-widget_type=\"video.default\">\n\t\t\t\t\t\t\t<div class=\"elementor-wrapper elementor-open-inline\">\n\t\t\t<div class=\"elementor-video\"><\/div>\t\t<\/div>\n\t\t\t\t\t\t<\/div>\n\t\t\t\t\t<\/div>\n\t\t\t\t<\/div>\n\t\t\t\t<\/div>\n\t\t","protected":false},"excerpt":{"rendered":"<p>Ons merk Het begin In 1860 richt Gaston Eug\u00e8ne Barth\u00e9l\u00e9my GEB op en geeft het bedrijf zijn initialen als naam. In 1906 registreert GEB zijn eerste handelsmerk voor het product MASTIC LANGE, een afdichtingskit voor stoommachines. Vanaf dat moment verschijnt het zwart-witte logo van het product MASTIC LANGE in de catalogi van GEB. Vanaf de [&hellip;]<\/p>\n","protected":false},"author":2,"featured_media":0,"parent":0,"menu_order":31,"comment_status":"closed","ping_status":"closed","template":"","meta":{"_acf_changed":false,"inline_featured_image":false,"footnotes":""},"categories":[],"tags":[],"class_list":["post-48780","page","type-page","status-publish","hentry"],"acf":[],"yoast_head":"<!-- This site is optimized with the Yoast SEO plugin v27.2 - https:\/\/yoast.com\/product\/yoast-seo-wordpress\/ -->\n<title>Ons merk - GEB<\/title>\n<meta name=\"robots\" content=\"index, follow, max-snippet:-1, max-image-preview:large, max-video-preview:-1\" \/>\n<link rel=\"canonical\" href=\"https:\/\/www.geb.fr\/nl\/ons-merk\/\" \/>\n<meta property=\"og:locale\" content=\"nl_NL\" \/>\n<meta property=\"og:type\" content=\"article\" \/>\n<meta property=\"og:title\" content=\"Ons merk - GEB\" \/>\n<meta property=\"og:description\" content=\"Ons merk Het begin In 1860 richt Gaston Eug\u00e8ne Barth\u00e9l\u00e9my GEB op en geeft het bedrijf zijn initialen als naam. In 1906 registreert GEB zijn eerste handelsmerk voor het product MASTIC LANGE, een afdichtingskit voor stoommachines. Vanaf dat moment verschijnt het zwart-witte logo van het product MASTIC LANGE in de catalogi van GEB. Vanaf de [&hellip;]\" \/>\n<meta property=\"og:url\" content=\"https:\/\/www.geb.fr\/nl\/ons-merk\/\" \/>\n<meta property=\"og:site_name\" content=\"GEB\" \/>\n<meta property=\"article:modified_time\" content=\"2026-01-03T09:23:25+00:00\" \/>\n<meta property=\"og:image\" content=\"https:\/\/www.geb.fr\/wp-content\/uploads\/2025\/11\/mastic-lange.jpg\" \/>\n\t<meta property=\"og:image:width\" content=\"696\" \/>\n\t<meta property=\"og:image:height\" content=\"457\" \/>\n\t<meta property=\"og:image:type\" content=\"image\/jpeg\" \/>\n<meta name=\"twitter:card\" content=\"summary_large_image\" \/>\n<meta name=\"twitter:label1\" content=\"Geschatte leestijd\" \/>\n\t<meta name=\"twitter:data1\" content=\"1 minuut\" \/>\n<script type=\"application\/ld+json\" class=\"yoast-schema-graph\">{\"@context\":\"https:\/\/schema.org\",\"@graph\":[{\"@type\":\"WebPage\",\"@id\":\"https:\/\/www.geb.fr\/nl\/ons-merk\/\",\"url\":\"https:\/\/www.geb.fr\/nl\/ons-merk\/\",\"name\":\"Ons merk - GEB\",\"isPartOf\":{\"@id\":\"https:\/\/www.geb.fr\/nl\/#website\"},\"primaryImageOfPage\":{\"@id\":\"https:\/\/www.geb.fr\/nl\/ons-merk\/#primaryimage\"},\"image\":{\"@id\":\"https:\/\/www.geb.fr\/nl\/ons-merk\/#primaryimage\"},\"thumbnailUrl\":\"https:\/\/www.geb.fr\/wp-content\/uploads\/2025\/11\/mastic-lange.jpg\",\"datePublished\":\"2025-07-28T14:16:34+00:00\",\"dateModified\":\"2026-01-03T09:23:25+00:00\",\"breadcrumb\":{\"@id\":\"https:\/\/www.geb.fr\/nl\/ons-merk\/#breadcrumb\"},\"inLanguage\":\"nl-NL\",\"potentialAction\":[{\"@type\":\"ReadAction\",\"target\":[\"https:\/\/www.geb.fr\/nl\/ons-merk\/\"]}]},{\"@type\":\"ImageObject\",\"inLanguage\":\"nl-NL\",\"@id\":\"https:\/\/www.geb.fr\/nl\/ons-merk\/#primaryimage\",\"url\":\"https:\/\/www.geb.fr\/wp-content\/uploads\/2025\/11\/mastic-lange.jpg\",\"contentUrl\":\"https:\/\/www.geb.fr\/wp-content\/uploads\/2025\/11\/mastic-lange.jpg\"},{\"@type\":\"BreadcrumbList\",\"@id\":\"https:\/\/www.geb.fr\/nl\/ons-merk\/#breadcrumb\",\"itemListElement\":[{\"@type\":\"ListItem\",\"position\":1,\"name\":\"Home\",\"item\":\"https:\/\/www.geb.fr\/nl\/\"},{\"@type\":\"ListItem\",\"position\":2,\"name\":\"Ons merk\"}]},{\"@type\":\"WebSite\",\"@id\":\"https:\/\/www.geb.fr\/nl\/#website\",\"url\":\"https:\/\/www.geb.fr\/nl\/\",\"name\":\"GEB\",\"description\":\"Un site utilisant WordPress\",\"publisher\":{\"@id\":\"https:\/\/www.geb.fr\/nl\/#organization\"},\"potentialAction\":[{\"@type\":\"SearchAction\",\"target\":{\"@type\":\"EntryPoint\",\"urlTemplate\":\"https:\/\/www.geb.fr\/nl\/?s={search_term_string}\"},\"query-input\":{\"@type\":\"PropertyValueSpecification\",\"valueRequired\":true,\"valueName\":\"search_term_string\"}}],\"inLanguage\":\"nl-NL\"},{\"@type\":\"Organization\",\"@id\":\"https:\/\/www.geb.fr\/nl\/#organization\",\"name\":\"GEB\",\"url\":\"https:\/\/www.geb.fr\/nl\/\",\"logo\":{\"@type\":\"ImageObject\",\"inLanguage\":\"nl-NL\",\"@id\":\"https:\/\/www.geb.fr\/nl\/#\/schema\/logo\/image\/\",\"url\":\"https:\/\/www.geb.fr\/wp-content\/uploads\/2025\/07\/geb-logo.svg\",\"contentUrl\":\"https:\/\/www.geb.fr\/wp-content\/uploads\/2025\/07\/geb-logo.svg\",\"caption\":\"GEB\"},\"image\":{\"@id\":\"https:\/\/www.geb.fr\/nl\/#\/schema\/logo\/image\/\"}}]}<\/script>\n<!-- \/ Yoast SEO plugin. -->","yoast_head_json":{"title":"Ons merk - GEB","robots":{"index":"index","follow":"follow","max-snippet":"max-snippet:-1","max-image-preview":"max-image-preview:large","max-video-preview":"max-video-preview:-1"},"canonical":"https:\/\/www.geb.fr\/nl\/ons-merk\/","og_locale":"nl_NL","og_type":"article","og_title":"Ons merk - GEB","og_description":"Ons merk Het begin In 1860 richt Gaston Eug\u00e8ne Barth\u00e9l\u00e9my GEB op en geeft het bedrijf zijn initialen als naam. In 1906 registreert GEB zijn eerste handelsmerk voor het product MASTIC LANGE, een afdichtingskit voor stoommachines. Vanaf dat moment verschijnt het zwart-witte logo van het product MASTIC LANGE in de catalogi van GEB. Vanaf de [&hellip;]","og_url":"https:\/\/www.geb.fr\/nl\/ons-merk\/","og_site_name":"GEB","article_modified_time":"2026-01-03T09:23:25+00:00","og_image":[{"width":696,"height":457,"url":"https:\/\/www.geb.fr\/wp-content\/uploads\/2025\/11\/mastic-lange.jpg","type":"image\/jpeg"}],"twitter_card":"summary_large_image","twitter_misc":{"Geschatte leestijd":"1 minuut"},"schema":{"@context":"https:\/\/schema.org","@graph":[{"@type":"WebPage","@id":"https:\/\/www.geb.fr\/nl\/ons-merk\/","url":"https:\/\/www.geb.fr\/nl\/ons-merk\/","name":"Ons merk - GEB","isPartOf":{"@id":"https:\/\/www.geb.fr\/nl\/#website"},"primaryImageOfPage":{"@id":"https:\/\/www.geb.fr\/nl\/ons-merk\/#primaryimage"},"image":{"@id":"https:\/\/www.geb.fr\/nl\/ons-merk\/#primaryimage"},"thumbnailUrl":"https:\/\/www.geb.fr\/wp-content\/uploads\/2025\/11\/mastic-lange.jpg","datePublished":"2025-07-28T14:16:34+00:00","dateModified":"2026-01-03T09:23:25+00:00","breadcrumb":{"@id":"https:\/\/www.geb.fr\/nl\/ons-merk\/#breadcrumb"},"inLanguage":"nl-NL","potentialAction":[{"@type":"ReadAction","target":["https:\/\/www.geb.fr\/nl\/ons-merk\/"]}]},{"@type":"ImageObject","inLanguage":"nl-NL","@id":"https:\/\/www.geb.fr\/nl\/ons-merk\/#primaryimage","url":"https:\/\/www.geb.fr\/wp-content\/uploads\/2025\/11\/mastic-lange.jpg","contentUrl":"https:\/\/www.geb.fr\/wp-content\/uploads\/2025\/11\/mastic-lange.jpg"},{"@type":"BreadcrumbList","@id":"https:\/\/www.geb.fr\/nl\/ons-merk\/#breadcrumb","itemListElement":[{"@type":"ListItem","position":1,"name":"Home","item":"https:\/\/www.geb.fr\/nl\/"},{"@type":"ListItem","position":2,"name":"Ons merk"}]},{"@type":"WebSite","@id":"https:\/\/www.geb.fr\/nl\/#website","url":"https:\/\/www.geb.fr\/nl\/","name":"GEB","description":"Un site utilisant WordPress","publisher":{"@id":"https:\/\/www.geb.fr\/nl\/#organization"},"potentialAction":[{"@type":"SearchAction","target":{"@type":"EntryPoint","urlTemplate":"https:\/\/www.geb.fr\/nl\/?s={search_term_string}"},"query-input":{"@type":"PropertyValueSpecification","valueRequired":true,"valueName":"search_term_string"}}],"inLanguage":"nl-NL"},{"@type":"Organization","@id":"https:\/\/www.geb.fr\/nl\/#organization","name":"GEB","url":"https:\/\/www.geb.fr\/nl\/","logo":{"@type":"ImageObject","inLanguage":"nl-NL","@id":"https:\/\/www.geb.fr\/nl\/#\/schema\/logo\/image\/","url":"https:\/\/www.geb.fr\/wp-content\/uploads\/2025\/07\/geb-logo.svg","contentUrl":"https:\/\/www.geb.fr\/wp-content\/uploads\/2025\/07\/geb-logo.svg","caption":"GEB"},"image":{"@id":"https:\/\/www.geb.fr\/nl\/#\/schema\/logo\/image\/"}}]}},"_links":{"self":[{"href":"https:\/\/www.geb.fr\/nl\/wp-json\/wp\/v2\/pages\/48780","targetHints":{"allow":["GET"]}}],"collection":[{"href":"https:\/\/www.geb.fr\/nl\/wp-json\/wp\/v2\/pages"}],"about":[{"href":"https:\/\/www.geb.fr\/nl\/wp-json\/wp\/v2\/types\/page"}],"author":[{"embeddable":true,"href":"https:\/\/www.geb.fr\/nl\/wp-json\/wp\/v2\/users\/2"}],"replies":[{"embeddable":true,"href":"https:\/\/www.geb.fr\/nl\/wp-json\/wp\/v2\/comments?post=48780"}],"version-history":[{"count":10,"href":"https:\/\/www.geb.fr\/nl\/wp-json\/wp\/v2\/pages\/48780\/revisions"}],"predecessor-version":[{"id":49943,"href":"https:\/\/www.geb.fr\/nl\/wp-json\/wp\/v2\/pages\/48780\/revisions\/49943"}],"wp:attachment":[{"href":"https:\/\/www.geb.fr\/nl\/wp-json\/wp\/v2\/media?parent=48780"}],"wp:term":[{"taxonomy":"category","embeddable":true,"href":"https:\/\/www.geb.fr\/nl\/wp-json\/wp\/v2\/categories?post=48780"},{"taxonomy":"post_tag","embeddable":true,"href":"https:\/\/www.geb.fr\/nl\/wp-json\/wp\/v2\/tags?post=48780"}],"curies":[{"name":"wp","href":"https:\/\/api.w.org\/{rel}","templated":true}]}}